{"id":2,"date":"2018-12-19T21:38:53","date_gmt":"2018-12-19T20:38:53","guid":{"rendered":"http:\/\/prokeinmedia.de\/mmc\/?page_id=2"},"modified":"2019-01-17T10:53:04","modified_gmt":"2019-01-17T09:53:04","slug":"beispiel-seite","status":"publish","type":"page","link":"https:\/\/www.magicmachinecontrol.de\/en\/","title":{"rendered":"Welcome"},"content":{"rendered":"<p>Since the foundation of the engineering office, we have been developing software and hardware for machine and plant automation, especially in the glass industry. <\/p>\n\n\n\n<p>We offer solutions in all areas of measurement and control technology. <\/p>\n\n\n\n<p>In addition to customer-specific special solutions, we see our real goal in the standardization of hardware and software in order to offer our customers and partners flexible, sophisticated and cost-effective automation solutions. <\/p>\n\n\n\n<p>Special operating masks can also be created at the customer's request. <\/p>\n\n\n\n<p>Our standard software for machines and systems &#8222;<strong><em><a href=\"javascript:updateFrames('produkte.htm','leftFrame','software.htm','mainFrame')\">MMC&#8220; Magic Machine Control<\/a><\/em><\/strong> supports all common fieldbus systems (I\/O-Lightbus, Profibus-DP, ProfiNET, EtherCAT, Sercos, CANopen, Interbus, Modbus, DeviceNet, Ethernet, &#8230;) and offers regarding networking the possibilities known in the Windows world. <br><\/p>\n\n\n\n<p>Fast and competent support for our customers is our top priority. <\/p>","protected":false},"excerpt":{"rendered":"<p>Since the foundation of the engineering office, we have been developing software and hardware for machine and plant automation, especially in the glass industry. We offer solutions in all areas of measurement, control and regulation technology. In addition to customer-specific special solutions, we see our real goal in the standardization of hardware and software in order to provide our customers and partners with flexible, sophisticated and cost-effective automation solutions [&hellip;]<\/p>","protected":false},"author":1,"featured_media":0,"parent":0,"menu_order":0,"comment_status":"closed","ping_status":"open","template":"","meta":{"ocean_post_layout":"","ocean_both_sidebars_style":"","ocean_both_sidebars_content_width":0,"ocean_both_sidebars_sidebars_width":0,"ocean_sidebar":"","ocean_second_sidebar":"","ocean_disable_margins":"enable","ocean_add_body_class":"","ocean_shortcode_before_top_bar":"","ocean_shortcode_after_top_bar":"","ocean_shortcode_before_header":"","ocean_shortcode_after_header":"","ocean_has_shortcode":"","ocean_shortcode_after_title":"","ocean_shortcode_before_footer_widgets":"","ocean_shortcode_after_footer_widgets":"","ocean_shortcode_before_footer_bottom":"","ocean_shortcode_after_footer_bottom":"","ocean_display_top_bar":"default","ocean_display_header":"default","ocean_header_style":"","ocean_center_header_left_menu":"","ocean_custom_header_template":"","ocean_custom_logo":0,"ocean_custom_retina_logo":0,"ocean_custom_logo_max_width":0,"ocean_custom_logo_tablet_max_width":0,"ocean_custom_logo_mobile_max_width":0,"ocean_custom_logo_max_height":0,"ocean_custom_logo_tablet_max_height":0,"ocean_custom_logo_mobile_max_height":0,"ocean_header_custom_menu":"","ocean_menu_typo_font_family":"","ocean_menu_typo_font_subset":"","ocean_menu_typo_font_size":0,"ocean_menu_typo_font_size_tablet":0,"ocean_menu_typo_font_size_mobile":0,"ocean_menu_typo_font_size_unit":"px","ocean_menu_typo_font_weight":"","ocean_menu_typo_font_weight_tablet":"","ocean_menu_typo_font_weight_mobile":"","ocean_menu_typo_transform":"","ocean_menu_typo_transform_tablet":"","ocean_menu_typo_transform_mobile":"","ocean_menu_typo_line_height":0,"ocean_menu_typo_line_height_tablet":0,"ocean_menu_typo_line_height_mobile":0,"ocean_menu_typo_line_height_unit":"","ocean_menu_typo_spacing":0,"ocean_menu_typo_spacing_tablet":0,"ocean_menu_typo_spacing_mobile":0,"ocean_menu_typo_spacing_unit":"","ocean_menu_link_color":"","ocean_menu_link_color_hover":"","ocean_menu_link_color_active":"","ocean_menu_link_background":"","ocean_menu_link_hover_background":"","ocean_menu_link_active_background":"","ocean_menu_social_links_bg":"","ocean_menu_social_hover_links_bg":"","ocean_menu_social_links_color":"","ocean_menu_social_hover_links_color":"","ocean_disable_title":"default","ocean_disable_heading":"default","ocean_post_title":"","ocean_post_subheading":"","ocean_post_title_style":"","ocean_post_title_background_color":"","ocean_post_title_background":0,"ocean_post_title_bg_image_position":"","ocean_post_title_bg_image_attachment":"","ocean_post_title_bg_image_repeat":"","ocean_post_title_bg_image_size":"","ocean_post_title_height":0,"ocean_post_title_bg_overlay":0.5,"ocean_post_title_bg_overlay_color":"","ocean_disable_breadcrumbs":"default","ocean_breadcrumbs_color":"","ocean_breadcrumbs_separator_color":"","ocean_breadcrumbs_links_color":"","ocean_breadcrumbs_links_hover_color":"","ocean_display_footer_widgets":"default","ocean_display_footer_bottom":"default","ocean_custom_footer_template":"","footnotes":""},"class_list":["post-2","page","type-page","status-publish","hentry","entry"],"yoast_head":"<!-- This site is optimized with the Yoast SEO plugin v26.8 - https:\/\/yoast.com\/product\/yoast-seo-wordpress\/ -->\n<title>Willkommen - Magic Machine Control<\/title>\n<meta name=\"robots\" content=\"index, follow, max-snippet:-1, max-image-preview:large, max-video-preview:-1\" \/>\n<link rel=\"canonical\" href=\"https:\/\/www.magicmachinecontrol.de\/en\/\" \/>\n<meta property=\"og:locale\" content=\"en_US\" \/>\n<meta property=\"og:type\" content=\"article\" \/>\n<meta property=\"og:title\" content=\"Willkommen - Magic Machine Control\" \/>\n<meta property=\"og:description\" content=\"Seit der Gr\u00fcndung des Ingenieurb\u00fcros entwickeln wir Software und Hardware f\u00fcr Maschinen- und Anlagenautomatisierungen va. im Bereich der Glasindustrie. Wir bieten L\u00f6sungen in allen Bereichen der Mess-, Steuer- und Regelungstechnik. Neben kundenspezifischen Sonderl\u00f6sungen sehen wir unser eigentliches Ziel in der Standardisierung von Hardware und Software, um unseren Kunden und Partnern flexible, ausgereifte und kosteng\u00fcnstige Automatisierungsl\u00f6sungen [&hellip;]\" \/>\n<meta property=\"og:url\" content=\"https:\/\/www.magicmachinecontrol.de\/en\/\" \/>\n<meta property=\"og:site_name\" content=\"Magic Machine Control\" \/>\n<meta property=\"article:modified_time\" content=\"2019-01-17T09:53:04+00:00\" \/>\n<meta name=\"twitter:card\" content=\"summary_large_image\" \/>\n<meta name=\"twitter:label1\" content=\"Est. reading time\" \/>\n\t<meta name=\"twitter:data1\" content=\"1 minute\" \/>\n<script type=\"application\/ld+json\" class=\"yoast-schema-graph\">{\"@context\":\"https:\/\/schema.org\",\"@graph\":[{\"@type\":\"WebPage\",\"@id\":\"https:\/\/www.magicmachinecontrol.de\/\",\"url\":\"https:\/\/www.magicmachinecontrol.de\/\",\"name\":\"Willkommen - Magic Machine Control\",\"isPartOf\":{\"@id\":\"https:\/\/www.magicmachinecontrol.de\/#website\"},\"datePublished\":\"2018-12-19T20:38:53+00:00\",\"dateModified\":\"2019-01-17T09:53:04+00:00\",\"breadcrumb\":{\"@id\":\"https:\/\/www.magicmachinecontrol.de\/#breadcrumb\"},\"inLanguage\":\"en-US\",\"potentialAction\":[{\"@type\":\"ReadAction\",\"target\":[\"https:\/\/www.magicmachinecontrol.de\/\"]}]},{\"@type\":\"BreadcrumbList\",\"@id\":\"https:\/\/www.magicmachinecontrol.de\/#breadcrumb\",\"itemListElement\":[{\"@type\":\"ListItem\",\"position\":1,\"name\":\"Startseite\",\"item\":\"https:\/\/www.magicmachinecontrol.de\/\"},{\"@type\":\"ListItem\",\"position\":2,\"name\":\"Willkommen\"}]},{\"@type\":\"WebSite\",\"@id\":\"https:\/\/www.magicmachinecontrol.de\/#website\",\"url\":\"https:\/\/www.magicmachinecontrol.de\/\",\"name\":\"Magic Machine Control\",\"description\":\"L\u00f6sungen in allen Bereichen der Mess-, Steuer- und Regelungstechnik\",\"publisher\":{\"@id\":\"https:\/\/www.magicmachinecontrol.de\/#organization\"},\"potentialAction\":[{\"@type\":\"SearchAction\",\"target\":{\"@type\":\"EntryPoint\",\"urlTemplate\":\"https:\/\/www.magicmachinecontrol.de\/?s={search_term_string}\"},\"query-input\":{\"@type\":\"PropertyValueSpecification\",\"valueRequired\":true,\"valueName\":\"search_term_string\"}}],\"inLanguage\":\"en-US\"},{\"@type\":\"Organization\",\"@id\":\"https:\/\/www.magicmachinecontrol.de\/#organization\",\"name\":\"Reinhold Seiz Ingenieurb\u00fcro\",\"url\":\"https:\/\/www.magicmachinecontrol.de\/\",\"logo\":{\"@type\":\"ImageObject\",\"inLanguage\":\"en-US\",\"@id\":\"https:\/\/www.magicmachinecontrol.de\/#\/schema\/logo\/image\/\",\"url\":\"https:\/\/www.magicmachinecontrol.de\/wp-content\/uploads\/2019\/01\/Rs.png\",\"contentUrl\":\"https:\/\/www.magicmachinecontrol.de\/wp-content\/uploads\/2019\/01\/Rs.png\",\"width\":900,\"height\":231,\"caption\":\"Reinhold Seiz Ingenieurb\u00fcro\"},\"image\":{\"@id\":\"https:\/\/www.magicmachinecontrol.de\/#\/schema\/logo\/image\/\"}}]}<\/script>\n<!-- \/ Yoast SEO plugin. -->","yoast_head_json":{"title":"Welcome - Magic Machine Control","robots":{"index":"index","follow":"follow","max-snippet":"max-snippet:-1","max-image-preview":"max-image-preview:large","max-video-preview":"max-video-preview:-1"},"canonical":"https:\/\/www.magicmachinecontrol.de\/en\/","og_locale":"en_US","og_type":"article","og_title":"Willkommen - Magic Machine Control","og_description":"Seit der Gr\u00fcndung des Ingenieurb\u00fcros entwickeln wir Software und Hardware f\u00fcr Maschinen- und Anlagenautomatisierungen va. im Bereich der Glasindustrie. Wir bieten L\u00f6sungen in allen Bereichen der Mess-, Steuer- und Regelungstechnik. Neben kundenspezifischen Sonderl\u00f6sungen sehen wir unser eigentliches Ziel in der Standardisierung von Hardware und Software, um unseren Kunden und Partnern flexible, ausgereifte und kosteng\u00fcnstige Automatisierungsl\u00f6sungen [&hellip;]","og_url":"https:\/\/www.magicmachinecontrol.de\/en\/","og_site_name":"Magic Machine Control","article_modified_time":"2019-01-17T09:53:04+00:00","twitter_card":"summary_large_image","twitter_misc":{"Est. reading time":"1 minute"},"schema":{"@context":"https:\/\/schema.org","@graph":[{"@type":"WebPage","@id":"https:\/\/www.magicmachinecontrol.de\/","url":"https:\/\/www.magicmachinecontrol.de\/","name":"Welcome - Magic Machine Control","isPartOf":{"@id":"https:\/\/www.magicmachinecontrol.de\/#website"},"datePublished":"2018-12-19T20:38:53+00:00","dateModified":"2019-01-17T09:53:04+00:00","breadcrumb":{"@id":"https:\/\/www.magicmachinecontrol.de\/#breadcrumb"},"inLanguage":"en-US","potentialAction":[{"@type":"ReadAction","target":["https:\/\/www.magicmachinecontrol.de\/"]}]},{"@type":"BreadcrumbList","@id":"https:\/\/www.magicmachinecontrol.de\/#breadcrumb","itemListElement":[{"@type":"ListItem","position":1,"name":"Startseite","item":"https:\/\/www.magicmachinecontrol.de\/"},{"@type":"ListItem","position":2,"name":"Willkommen"}]},{"@type":"WebSite","@id":"https:\/\/www.magicmachinecontrol.de\/#website","url":"https:\/\/www.magicmachinecontrol.de\/","name":"Magic Machine Control","description":"Solutions in all areas of measurement and control technology","publisher":{"@id":"https:\/\/www.magicmachinecontrol.de\/#organization"},"potentialAction":[{"@type":"SearchAction","target":{"@type":"EntryPoint","urlTemplate":"https:\/\/www.magicmachinecontrol.de\/?s={search_term_string}"},"query-input":{"@type":"PropertyValueSpecification","valueRequired":true,"valueName":"search_term_string"}}],"inLanguage":"en-US"},{"@type":"Organization","@id":"https:\/\/www.magicmachinecontrol.de\/#organization","name":"Reinhold Seiz engineering office","url":"https:\/\/www.magicmachinecontrol.de\/","logo":{"@type":"ImageObject","inLanguage":"en-US","@id":"https:\/\/www.magicmachinecontrol.de\/#\/schema\/logo\/image\/","url":"https:\/\/www.magicmachinecontrol.de\/wp-content\/uploads\/2019\/01\/Rs.png","contentUrl":"https:\/\/www.magicmachinecontrol.de\/wp-content\/uploads\/2019\/01\/Rs.png","width":900,"height":231,"caption":"Reinhold Seiz Ingenieurb\u00fcro"},"image":{"@id":"https:\/\/www.magicmachinecontrol.de\/#\/schema\/logo\/image\/"}}]}},"_links":{"self":[{"href":"https:\/\/www.magicmachinecontrol.de\/en\/wp-json\/wp\/v2\/pages\/2","targetHints":{"allow":["GET"]}}],"collection":[{"href":"https:\/\/www.magicmachinecontrol.de\/en\/wp-json\/wp\/v2\/pages"}],"about":[{"href":"https:\/\/www.magicmachinecontrol.de\/en\/wp-json\/wp\/v2\/types\/page"}],"author":[{"embeddable":true,"href":"https:\/\/www.magicmachinecontrol.de\/en\/wp-json\/wp\/v2\/users\/1"}],"replies":[{"embeddable":true,"href":"https:\/\/www.magicmachinecontrol.de\/en\/wp-json\/wp\/v2\/comments?post=2"}],"version-history":[{"count":8,"href":"https:\/\/www.magicmachinecontrol.de\/en\/wp-json\/wp\/v2\/pages\/2\/revisions"}],"predecessor-version":[{"id":155,"href":"https:\/\/www.magicmachinecontrol.de\/en\/wp-json\/wp\/v2\/pages\/2\/revisions\/155"}],"wp:attachment":[{"href":"https:\/\/www.magicmachinecontrol.de\/en\/wp-json\/wp\/v2\/media?parent=2"}],"curies":[{"name":"wp","href":"https:\/\/api.w.org\/{rel}","templated":true}]}}