{"id":124,"date":"2019-01-16T10:14:49","date_gmt":"2019-01-16T09:14:49","guid":{"rendered":"http:\/\/prokeinmedia.de\/mmc\/?page_id=124"},"modified":"2019-01-28T10:54:19","modified_gmt":"2019-01-28T09:54:19","slug":"applikationsbeispiele","status":"publish","type":"page","link":"https:\/\/www.magicmachinecontrol.de\/en\/applikationsbeispiele\/","title":{"rendered":"Application examples"},"content":{"rendered":"<h2 class=\"wp-block-heading\">Application examples<\/h2>\n\n\n\n<table class=\"wp-block-table is-style-stripes\"><tbody><tr><td><strong>Production support<\/strong><\/td><\/tr><tr><td>&#8211; Feeder and feeder channel<br>&#8211; Feeder channel with staining cell<br>&#8211; Scissors unit<br>&#8211; Linear pouring and dosing machine<br>&#8211; Rotary table pouring and dosing machine<br>&#8211; Transport and handling unit<\/td><\/tr><tr><td><strong>Manufacturing process<\/strong><\/td><\/tr><tr><td>&#8211; Rotary blowing system<br>&#8211; Linear press<br>&#8211; Rotary table press<br>&#8211; Linear injection press<br>&#8211; Rotary table injection press<br>&#8211; Linear slingshot<br>&#8211; Rotary table slingshot<br>&#8211; Four-in-one linear system<br>&#8211; Four-in-one rotary table system&nbsp;<\/td><\/tr><tr><td><strong>Machining process<\/strong><\/td><\/tr><tr><td>&#8211; Welding and drawing line<br>&#8211; Separation unit<br>&#8211; Fire polishing machine<\/td><\/tr><tr><td><strong>Finishing process<\/strong><\/td><\/tr><tr><td>&#8211; Acid polishing and washing machine&nbsp;<\/td><\/tr><tr><td><strong>Automation of used machines<\/strong><\/td><\/tr><tr><td>&#8211; Renewal of old control systems<br>&#8211; Small controls<\/td><\/tr><tr><td><strong>Systems in the automotive sector<\/strong>&nbsp;<\/td><\/tr><tr><td>&#8211; Real-time data acquisition and analysis<\/td><\/tr><tr><td><strong>Systems for decorations of porcelain, ceramics, glass<\/strong><\/td><\/tr><tr><td><\/td><\/tr><tr><td><strong>Control, measurement and energy optimization<\/strong><\/td><\/tr><tr><td>&#8211; Control system for kilns&nbsp;<\/td><\/tr><\/tbody><\/table>","protected":false},"excerpt":{"rendered":"<p>Application examples Manufacturing support &#8211; Feeder and feeder channel&#8211; Feeder channel with feeding cell&#8211; Shear unit&#8211; Linear feeding and dosing unit&#8211; Rotary table feeding and dosing unit&#8211; Transport and handling unit manufacturing process&#8211; Rotary blowing equipment&#8211; Linear press&#8211; Rotary table press&#8211; Linear injection press&#8211; Rotary table injection press&#8211; Linear spin press&#8211; Rotary table spin press&#8211; Four-in-one linear system&#8211; Four-in-one rotary table system processing method&#8211; Welding and drawing system&#8211; Separation unit&#8211; Fire polishing line finishing process&#8211; acid polishing and washing line automation of used machines&#8211; renewal of old control systems&#8211; small control systems in the [&hellip;]<\/p>","protected":false},"author":2,"featured_media":0,"parent":0,"menu_order":0,"comment_status":"closed","ping_status":"closed","template":"","meta":{"ocean_post_layout":"","ocean_both_sidebars_style":"","ocean_both_sidebars_content_width":0,"ocean_both_sidebars_sidebars_width":0,"ocean_sidebar":"0","ocean_second_sidebar":"0","ocean_disable_margins":"enable","ocean_add_body_class":"","ocean_shortcode_before_top_bar":"","ocean_shortcode_after_top_bar":"","ocean_shortcode_before_header":"","ocean_shortcode_after_header":"","ocean_has_shortcode":"","ocean_shortcode_after_title":"","ocean_shortcode_before_footer_widgets":"","ocean_shortcode_after_footer_widgets":"","ocean_shortcode_before_footer_bottom":"","ocean_shortcode_after_footer_bottom":"","ocean_display_top_bar":"default","ocean_display_header":"default","ocean_header_style":"","ocean_center_header_left_menu":"0","ocean_custom_header_template":"0","ocean_custom_logo":0,"ocean_custom_retina_logo":0,"ocean_custom_logo_max_width":0,"ocean_custom_logo_tablet_max_width":0,"ocean_custom_logo_mobile_max_width":0,"ocean_custom_logo_max_height":0,"ocean_custom_logo_tablet_max_height":0,"ocean_custom_logo_mobile_max_height":0,"ocean_header_custom_menu":"0","ocean_menu_typo_font_family":"0","ocean_menu_typo_font_subset":"","ocean_menu_typo_font_size":0,"ocean_menu_typo_font_size_tablet":0,"ocean_menu_typo_font_size_mobile":0,"ocean_menu_typo_font_size_unit":"px","ocean_menu_typo_font_weight":"","ocean_menu_typo_font_weight_tablet":"","ocean_menu_typo_font_weight_mobile":"","ocean_menu_typo_transform":"","ocean_menu_typo_transform_tablet":"","ocean_menu_typo_transform_mobile":"","ocean_menu_typo_line_height":0,"ocean_menu_typo_line_height_tablet":0,"ocean_menu_typo_line_height_mobile":0,"ocean_menu_typo_line_height_unit":"","ocean_menu_typo_spacing":0,"ocean_menu_typo_spacing_tablet":0,"ocean_menu_typo_spacing_mobile":0,"ocean_menu_typo_spacing_unit":"","ocean_menu_link_color":"","ocean_menu_link_color_hover":"","ocean_menu_link_color_active":"","ocean_menu_link_background":"","ocean_menu_link_hover_background":"","ocean_menu_link_active_background":"","ocean_menu_social_links_bg":"","ocean_menu_social_hover_links_bg":"","ocean_menu_social_links_color":"","ocean_menu_social_hover_links_color":"","ocean_disable_title":"default","ocean_disable_heading":"default","ocean_post_title":"","ocean_post_subheading":"","ocean_post_title_style":"","ocean_post_title_background_color":"","ocean_post_title_background":0,"ocean_post_title_bg_image_position":"","ocean_post_title_bg_image_attachment":"","ocean_post_title_bg_image_repeat":"","ocean_post_title_bg_image_size":"","ocean_post_title_height":0,"ocean_post_title_bg_overlay":0.5,"ocean_post_title_bg_overlay_color":"","ocean_disable_breadcrumbs":"default","ocean_breadcrumbs_color":"","ocean_breadcrumbs_separator_color":"","ocean_breadcrumbs_links_color":"","ocean_breadcrumbs_links_hover_color":"","ocean_display_footer_widgets":"default","ocean_display_footer_bottom":"default","ocean_custom_footer_template":"0","footnotes":""},"class_list":["post-124","page","type-page","status-publish","hentry","entry"],"yoast_head":"<!-- This site is optimized with the Yoast SEO plugin v26.8 - https:\/\/yoast.com\/product\/yoast-seo-wordpress\/ -->\n<title>Applikationsbeispiele - Magic Machine Control<\/title>\n<meta name=\"robots\" content=\"index, follow, max-snippet:-1, max-image-preview:large, max-video-preview:-1\" \/>\n<link rel=\"canonical\" href=\"https:\/\/www.magicmachinecontrol.de\/en\/applikationsbeispiele\/\" \/>\n<meta property=\"og:locale\" content=\"en_US\" \/>\n<meta property=\"og:type\" content=\"article\" \/>\n<meta property=\"og:title\" content=\"Applikationsbeispiele - Magic Machine Control\" \/>\n<meta property=\"og:description\" content=\"Applikationsbeispiele Fertigungsunterst\u00fctzung &#8211; Feeder und Feederkanal&#8211; Feederkanal mit F\u00e4rbezelle&#8211; Schereneinheit&#8211; Linear-Eingie\u00df- und Dosieranlage&#8211; Rundtisch-Eingie\u00df- und Dosieranlage&#8211; Transport- und Handlingseinheit Fertigungsverfahren &#8211; Drehblasanlage&#8211; Linear-Presse&#8211; Rundtisch-Presse&#8211; Linear-Injektionspresse&#8211; Rundtisch-Injektionspresse&#8211; Linear-Schleuder&#8211; Rundtisch-Schleuder&#8211; Four-in-One Linearsystem&#8211; Four-in-One Rundtischsystem&nbsp; Bearbeitungsverfahren &#8211; Verschwei\u00df- und Ziehanlage&#8211; Abtrenneinheit&#8211; Feuerpolieranlage Veredelungsverfahren &#8211; S\u00e4urepolier- und Waschanlage&nbsp; Automatisierung von Gebraucht-Maschinen &#8211; Erneuerung von alten Steuerungssystemen&#8211; Kleinsteuerungen Systeme im [&hellip;]\" \/>\n<meta property=\"og:url\" content=\"https:\/\/www.magicmachinecontrol.de\/en\/applikationsbeispiele\/\" \/>\n<meta property=\"og:site_name\" content=\"Magic Machine Control\" \/>\n<meta property=\"article:modified_time\" content=\"2019-01-28T09:54:19+00:00\" \/>\n<meta name=\"twitter:card\" content=\"summary_large_image\" \/>\n<script type=\"application\/ld+json\" class=\"yoast-schema-graph\">{\"@context\":\"https:\/\/schema.org\",\"@graph\":[{\"@type\":\"WebPage\",\"@id\":\"https:\/\/www.magicmachinecontrol.de\/applikationsbeispiele\/\",\"url\":\"https:\/\/www.magicmachinecontrol.de\/applikationsbeispiele\/\",\"name\":\"Applikationsbeispiele - Magic Machine Control\",\"isPartOf\":{\"@id\":\"https:\/\/www.magicmachinecontrol.de\/#website\"},\"datePublished\":\"2019-01-16T09:14:49+00:00\",\"dateModified\":\"2019-01-28T09:54:19+00:00\",\"breadcrumb\":{\"@id\":\"https:\/\/www.magicmachinecontrol.de\/applikationsbeispiele\/#breadcrumb\"},\"inLanguage\":\"en-US\",\"potentialAction\":[{\"@type\":\"ReadAction\",\"target\":[\"https:\/\/www.magicmachinecontrol.de\/applikationsbeispiele\/\"]}]},{\"@type\":\"BreadcrumbList\",\"@id\":\"https:\/\/www.magicmachinecontrol.de\/applikationsbeispiele\/#breadcrumb\",\"itemListElement\":[{\"@type\":\"ListItem\",\"position\":1,\"name\":\"Startseite\",\"item\":\"https:\/\/www.magicmachinecontrol.de\/\"},{\"@type\":\"ListItem\",\"position\":2,\"name\":\"Applikationsbeispiele\"}]},{\"@type\":\"WebSite\",\"@id\":\"https:\/\/www.magicmachinecontrol.de\/#website\",\"url\":\"https:\/\/www.magicmachinecontrol.de\/\",\"name\":\"Magic Machine Control\",\"description\":\"L\u00f6sungen in allen Bereichen der Mess-, Steuer- und Regelungstechnik\",\"publisher\":{\"@id\":\"https:\/\/www.magicmachinecontrol.de\/#organization\"},\"potentialAction\":[{\"@type\":\"SearchAction\",\"target\":{\"@type\":\"EntryPoint\",\"urlTemplate\":\"https:\/\/www.magicmachinecontrol.de\/?s={search_term_string}\"},\"query-input\":{\"@type\":\"PropertyValueSpecification\",\"valueRequired\":true,\"valueName\":\"search_term_string\"}}],\"inLanguage\":\"en-US\"},{\"@type\":\"Organization\",\"@id\":\"https:\/\/www.magicmachinecontrol.de\/#organization\",\"name\":\"Reinhold Seiz Ingenieurb\u00fcro\",\"url\":\"https:\/\/www.magicmachinecontrol.de\/\",\"logo\":{\"@type\":\"ImageObject\",\"inLanguage\":\"en-US\",\"@id\":\"https:\/\/www.magicmachinecontrol.de\/#\/schema\/logo\/image\/\",\"url\":\"https:\/\/www.magicmachinecontrol.de\/wp-content\/uploads\/2019\/01\/Rs.png\",\"contentUrl\":\"https:\/\/www.magicmachinecontrol.de\/wp-content\/uploads\/2019\/01\/Rs.png\",\"width\":900,\"height\":231,\"caption\":\"Reinhold Seiz Ingenieurb\u00fcro\"},\"image\":{\"@id\":\"https:\/\/www.magicmachinecontrol.de\/#\/schema\/logo\/image\/\"}}]}<\/script>\n<!-- \/ Yoast SEO plugin. -->","yoast_head_json":{"title":"Applikationsbeispiele - Magic Machine Control","robots":{"index":"index","follow":"follow","max-snippet":"max-snippet:-1","max-image-preview":"max-image-preview:large","max-video-preview":"max-video-preview:-1"},"canonical":"https:\/\/www.magicmachinecontrol.de\/en\/applikationsbeispiele\/","og_locale":"en_US","og_type":"article","og_title":"Applikationsbeispiele - Magic Machine Control","og_description":"Applikationsbeispiele Fertigungsunterst\u00fctzung &#8211; Feeder und Feederkanal&#8211; Feederkanal mit F\u00e4rbezelle&#8211; Schereneinheit&#8211; Linear-Eingie\u00df- und Dosieranlage&#8211; Rundtisch-Eingie\u00df- und Dosieranlage&#8211; Transport- und Handlingseinheit Fertigungsverfahren &#8211; Drehblasanlage&#8211; Linear-Presse&#8211; Rundtisch-Presse&#8211; Linear-Injektionspresse&#8211; Rundtisch-Injektionspresse&#8211; Linear-Schleuder&#8211; Rundtisch-Schleuder&#8211; Four-in-One Linearsystem&#8211; Four-in-One Rundtischsystem&nbsp; Bearbeitungsverfahren &#8211; Verschwei\u00df- und Ziehanlage&#8211; Abtrenneinheit&#8211; Feuerpolieranlage Veredelungsverfahren &#8211; S\u00e4urepolier- und Waschanlage&nbsp; Automatisierung von Gebraucht-Maschinen &#8211; Erneuerung von alten Steuerungssystemen&#8211; Kleinsteuerungen Systeme im [&hellip;]","og_url":"https:\/\/www.magicmachinecontrol.de\/en\/applikationsbeispiele\/","og_site_name":"Magic Machine Control","article_modified_time":"2019-01-28T09:54:19+00:00","twitter_card":"summary_large_image","schema":{"@context":"https:\/\/schema.org","@graph":[{"@type":"WebPage","@id":"https:\/\/www.magicmachinecontrol.de\/applikationsbeispiele\/","url":"https:\/\/www.magicmachinecontrol.de\/applikationsbeispiele\/","name":"Applikationsbeispiele - Magic Machine Control","isPartOf":{"@id":"https:\/\/www.magicmachinecontrol.de\/#website"},"datePublished":"2019-01-16T09:14:49+00:00","dateModified":"2019-01-28T09:54:19+00:00","breadcrumb":{"@id":"https:\/\/www.magicmachinecontrol.de\/applikationsbeispiele\/#breadcrumb"},"inLanguage":"en-US","potentialAction":[{"@type":"ReadAction","target":["https:\/\/www.magicmachinecontrol.de\/applikationsbeispiele\/"]}]},{"@type":"BreadcrumbList","@id":"https:\/\/www.magicmachinecontrol.de\/applikationsbeispiele\/#breadcrumb","itemListElement":[{"@type":"ListItem","position":1,"name":"Startseite","item":"https:\/\/www.magicmachinecontrol.de\/"},{"@type":"ListItem","position":2,"name":"Applikationsbeispiele"}]},{"@type":"WebSite","@id":"https:\/\/www.magicmachinecontrol.de\/#website","url":"https:\/\/www.magicmachinecontrol.de\/","name":"Magic Machine Control","description":"Solutions in all areas of measurement and control technology","publisher":{"@id":"https:\/\/www.magicmachinecontrol.de\/#organization"},"potentialAction":[{"@type":"SearchAction","target":{"@type":"EntryPoint","urlTemplate":"https:\/\/www.magicmachinecontrol.de\/?s={search_term_string}"},"query-input":{"@type":"PropertyValueSpecification","valueRequired":true,"valueName":"search_term_string"}}],"inLanguage":"en-US"},{"@type":"Organization","@id":"https:\/\/www.magicmachinecontrol.de\/#organization","name":"Reinhold Seiz engineering office","url":"https:\/\/www.magicmachinecontrol.de\/","logo":{"@type":"ImageObject","inLanguage":"en-US","@id":"https:\/\/www.magicmachinecontrol.de\/#\/schema\/logo\/image\/","url":"https:\/\/www.magicmachinecontrol.de\/wp-content\/uploads\/2019\/01\/Rs.png","contentUrl":"https:\/\/www.magicmachinecontrol.de\/wp-content\/uploads\/2019\/01\/Rs.png","width":900,"height":231,"caption":"Reinhold Seiz Ingenieurb\u00fcro"},"image":{"@id":"https:\/\/www.magicmachinecontrol.de\/#\/schema\/logo\/image\/"}}]}},"_links":{"self":[{"href":"https:\/\/www.magicmachinecontrol.de\/en\/wp-json\/wp\/v2\/pages\/124","targetHints":{"allow":["GET"]}}],"collection":[{"href":"https:\/\/www.magicmachinecontrol.de\/en\/wp-json\/wp\/v2\/pages"}],"about":[{"href":"https:\/\/www.magicmachinecontrol.de\/en\/wp-json\/wp\/v2\/types\/page"}],"author":[{"embeddable":true,"href":"https:\/\/www.magicmachinecontrol.de\/en\/wp-json\/wp\/v2\/users\/2"}],"replies":[{"embeddable":true,"href":"https:\/\/www.magicmachinecontrol.de\/en\/wp-json\/wp\/v2\/comments?post=124"}],"version-history":[{"count":5,"href":"https:\/\/www.magicmachinecontrol.de\/en\/wp-json\/wp\/v2\/pages\/124\/revisions"}],"predecessor-version":[{"id":242,"href":"https:\/\/www.magicmachinecontrol.de\/en\/wp-json\/wp\/v2\/pages\/124\/revisions\/242"}],"wp:attachment":[{"href":"https:\/\/www.magicmachinecontrol.de\/en\/wp-json\/wp\/v2\/media?parent=124"}],"curies":[{"name":"wp","href":"https:\/\/api.w.org\/{rel}","templated":true}]}}